{"id":3719,"date":"2021-06-08T06:52:52","date_gmt":"2021-06-08T06:52:52","guid":{"rendered":"https:\/\/hydrocap.com\/?page_id=3719"},"modified":"2021-10-14T14:07:33","modified_gmt":"2021-10-14T14:07:33","slug":"energie-marine","status":"publish","type":"page","link":"https:\/\/hydrocap.com\/es\/energie-marine\/","title":{"rendered":"Energie marine"},"content":{"rendered":"<div data-elementor-type=\"wp-page\" data-elementor-id=\"3719\" class=\"elementor elementor-3719\" data-elementor-post-type=\"page\">\n\t\t\t\t\t\t<section class=\"elementor-section elementor-top-section elementor-element elementor-element-270a8ed4 elementor-section-full_width elementor-section-stretched elementor-section-height-default elementor-section-height-default\" data-id=\"270a8ed4\" data-element_type=\"section\" data-e-type=\"section\" data-settings=\"{&quot;background_background&quot;:&quot;classic&quot;,&quot;shape_divider_bottom&quot;:&quot;waves&quot;,&quot;stretch_section&quot;:&quot;section-stretched&quot;}\">\n\t\t\t\t\t<div class=\"elementor-shape elementor-shape-bottom\" aria-hidden=\"true\" data-negative=\"false\">\n\t\t\t<svg xmlns=\"http:\/\/www.w3.org\/2000\/svg\" viewbox=\"0 0 1000 100\" preserveaspectratio=\"none\">\n\t<path class=\"elementor-shape-fill\" d=\"M421.9,6.5c22.6-2.5,51.5,0.4,75.5,5.3c23.6,4.9,70.9,23.5,100.5,35.7c75.8,32.2,133.7,44.5,192.6,49.7\tc23.6,2.1,48.7,3.5,103.4-2.5c54.7-6,106.2-25.6,106.2-25.6V0H0v30.3c0,0,72,32.6,158.4,30.5c39.2-0.7,92.8-6.7,134-22.4\tc21.2-8.1,52.2-18.2,79.7-24.2C399.3,7.9,411.6,7.5,421.9,6.5z\"\/>\n<\/svg>\t\t<\/div>\n\t\t\t\t\t<div class=\"elementor-container elementor-column-gap-default\">\n\t\t\t\t\t<div class=\"elementor-column elementor-col-100 elementor-top-column elementor-element elementor-element-451597a2\" data-id=\"451597a2\" data-element_type=\"column\" data-e-type=\"column\" data-settings=\"{&quot;background_background&quot;:&quot;classic&quot;}\">\n\t\t\t<div class=\"elementor-widget-wrap elementor-element-populated\">\n\t\t\t\t\t\t<div class=\"elementor-element elementor-element-6ce455d elementor-widget elementor-widget-heading\" data-id=\"6ce455d\" data-element_type=\"widget\" data-e-type=\"widget\" data-widget_type=\"heading.default\">\n\t\t\t\t<div class=\"elementor-widget-container\">\n\t\t\t\t\t<h1 class=\"elementor-heading-title elementor-size-default\">Energias marinas<\/h1>\t\t\t\t<\/div>\n\t\t\t\t<\/div>\n\t\t\t\t\t<\/div>\n\t\t<\/div>\n\t\t\t\t\t<\/div>\n\t\t<\/section>\n\t\t\t\t<section class=\"elementor-section elementor-top-section elementor-element elementor-element-e02e67f elementor-section-boxed elementor-section-height-default elementor-section-height-default\" data-id=\"e02e67f\" data-element_type=\"section\" data-e-type=\"section\">\n\t\t\t\t\t\t<div class=\"elementor-container elementor-column-gap-default\">\n\t\t\t\t\t<div class=\"elementor-column elementor-col-100 elementor-top-column elementor-element elementor-element-3cc0e4d4\" data-id=\"3cc0e4d4\" data-element_type=\"column\" data-e-type=\"column\">\n\t\t\t<div class=\"elementor-widget-wrap elementor-element-populated\">\n\t\t\t\t\t\t<div class=\"elementor-element elementor-element-118290db elementor-widget__width-initial elementor-widget elementor-widget-heading\" data-id=\"118290db\" data-element_type=\"widget\" data-e-type=\"widget\" data-widget_type=\"heading.default\">\n\t\t\t\t<div class=\"elementor-widget-container\">\n\t\t\t\t\t<h2 class=\"elementor-heading-title elementor-size-default\">Distribuci\u00f3n de la poblaci\u00f3n mundial<\/h2>\t\t\t\t<\/div>\n\t\t\t\t<\/div>\n\t\t\t\t\t<\/div>\n\t\t<\/div>\n\t\t\t\t\t<\/div>\n\t\t<\/section>\n\t\t\t\t<section class=\"elementor-section elementor-top-section elementor-element elementor-element-32aaf3bb elementor-section-boxed elementor-section-height-default elementor-section-height-default\" data-id=\"32aaf3bb\" data-element_type=\"section\" data-e-type=\"section\">\n\t\t\t\t\t\t<div class=\"elementor-container elementor-column-gap-default\">\n\t\t\t\t\t<div class=\"elementor-column elementor-col-100 elementor-top-column elementor-element elementor-element-4fae3583\" data-id=\"4fae3583\" data-element_type=\"column\" data-e-type=\"column\">\n\t\t\t<div class=\"elementor-widget-wrap elementor-element-populated\">\n\t\t\t\t\t\t<div class=\"elementor-element elementor-element-3b4d85fd elementor-widget-mobile__width-inherit elementor-widget elementor-widget-text-editor\" data-id=\"3b4d85fd\" data-element_type=\"widget\" data-e-type=\"widget\" data-widget_type=\"text-editor.default\">\n\t\t\t\t<div class=\"elementor-widget-container\">\n\t\t\t\t\t\t\t\t\t<p class=\"translation-block\">En 2010, m\u00e1s de la mitad de la <strong> <b> poblaci\u00f3n mundial <\/b> <\/strong> viv\u00eda en un radio de 150 km a lo largo de los 1,6 millones de km de costa que bordean los <strong> <b> mares <\/b> <\/strong> y <strong> <b> oc\u00e9anos <\/b> <\/strong> y esto solo est\u00e1 creciendo.<\/p><p class=\"translation-block\">Este es un factor muy favorable para la instalaci\u00f3n de producci\u00f3n de energ\u00eda costera ya que <strong> la producci\u00f3n y el consumo tienen inter\u00e9s en estar lo m\u00e1s cerca posible <\/strong>.<\/p><p class=\"translation-block\"><strong> Francia, <\/strong> en particular, <strong> tiene un dominio costero y mar\u00edtimo excepcionalmente extenso<\/strong>, <strong> todav\u00eda en gran parte sin explotar<\/strong>, en particular alrededor de sus territorios ultramarinos, incluido el En la actualidad, la energ\u00eda proviene de productos petrol\u00edferos cargados con un costo adicional significativo debido a la lejan\u00eda.<\/p>\t\t\t\t\t\t\t\t<\/div>\n\t\t\t\t<\/div>\n\t\t\t\t\t<\/div>\n\t\t<\/div>\n\t\t\t\t\t<\/div>\n\t\t<\/section>\n\t\t\t\t<section class=\"elementor-section elementor-top-section elementor-element elementor-element-4c6feb41 elementor-reverse-mobile elementor-section-boxed elementor-section-height-default elementor-section-height-default\" data-id=\"4c6feb41\" data-element_type=\"section\" data-e-type=\"section\" data-settings=\"{&quot;background_background&quot;:&quot;classic&quot;}\">\n\t\t\t\t\t\t<div class=\"elementor-container elementor-column-gap-default\">\n\t\t\t\t\t<div class=\"elementor-column elementor-col-100 elementor-top-column elementor-element elementor-element-3c0a9fbe\" data-id=\"3c0a9fbe\" data-element_type=\"column\" data-e-type=\"column\">\n\t\t\t<div class=\"elementor-widget-wrap elementor-element-populated\">\n\t\t\t\t\t\t<div class=\"elementor-element elementor-element-c44ef76 elementor-arrows-position-inside elementor-pagination-position-outside elementor-widget elementor-widget-image-carousel\" data-id=\"c44ef76\" data-element_type=\"widget\" data-e-type=\"widget\" data-settings=\"{&quot;slides_to_show&quot;:&quot;2&quot;,&quot;navigation&quot;:&quot;both&quot;,&quot;autoplay&quot;:&quot;yes&quot;,&quot;pause_on_hover&quot;:&quot;yes&quot;,&quot;pause_on_interaction&quot;:&quot;yes&quot;,&quot;autoplay_speed&quot;:5000,&quot;infinite&quot;:&quot;yes&quot;,&quot;speed&quot;:500}\" data-widget_type=\"image-carousel.default\">\n\t\t\t\t<div class=\"elementor-widget-container\">\n\t\t\t\t\t\t\t<div class=\"elementor-image-carousel-wrapper swiper\" role=\"region\" aria-roledescription=\"carousel\" aria-label=\"Carrousel d\u2019images\" dir=\"ltr\">\n\t\t\t<div class=\"elementor-image-carousel swiper-wrapper\" aria-live=\"off\">\n\t\t\t\t\t\t\t\t<div class=\"swiper-slide\" role=\"group\" aria-roledescription=\"slide\" aria-label=\"1 sur 4\"><figure class=\"swiper-slide-inner\"><img decoding=\"async\" class=\"swiper-slide-image\" src=\"https:\/\/hydrocap.com\/wp-content\/uploads\/2021\/07\/Population-habiter-les-littoraux-3-638-300x225.jpg\" alt=\"Distribution de la population coti\u00e8re\" \/><figcaption class=\"elementor-image-carousel-caption\">Distribuci\u00f3n de la poblaci\u00f3n costera<\/figcaption><\/figure><\/div><div class=\"swiper-slide\" role=\"group\" aria-roledescription=\"slide\" aria-label=\"2 sur 4\"><figure class=\"swiper-slide-inner\"><img decoding=\"async\" class=\"swiper-slide-image\" src=\"https:\/\/hydrocap.com\/wp-content\/uploads\/2021\/07\/Carte5-houlomoteur-300x225.jpg\" alt=\"R\u00e9partitition des puissances de houles\" \/><figcaption class=\"elementor-image-carousel-caption\">Distribuci\u00f3n de la energ\u00eda de las olas<\/figcaption><\/figure><\/div><div class=\"swiper-slide\" role=\"group\" aria-roledescription=\"slide\" aria-label=\"3 sur 4\"><figure class=\"swiper-slide-inner\"><img decoding=\"async\" class=\"swiper-slide-image\" src=\"https:\/\/hydrocap.com\/wp-content\/uploads\/2021\/05\/Capture-de\u0301cran-2021-05-28-a\u0300-16.34.20-300x202.png\" alt=\"Population \u00e0 moins de 100kms du trait de c\u00f4te\" \/><figcaption class=\"elementor-image-carousel-caption\">Poblaci\u00f3n a menos de 100 km de la costa<\/figcaption><\/figure><\/div><div class=\"swiper-slide\" role=\"group\" aria-roledescription=\"slide\" aria-label=\"4 sur 4\"><figure class=\"swiper-slide-inner\"><img decoding=\"async\" class=\"swiper-slide-image\" src=\"https:\/\/hydrocap.com\/wp-content\/uploads\/2021\/06\/Distribution-de-la-houle-300x174.jpeg\" alt=\"Distribution de la houle (en vert zones tr\u00e8s favorables)\" \/><figcaption class=\"elementor-image-carousel-caption\">distribuci\u00f3n del oleaje (en zonas verdes muy favorables)<\/figcaption><\/figure><\/div>\t\t\t<\/div>\n\t\t\t\t\t\t\t\t\t\t\t\t<div class=\"elementor-swiper-button elementor-swiper-button-prev\" role=\"button\" tabindex=\"0\">\n\t\t\t\t\t\t<i aria-hidden=\"true\" class=\"eicon-chevron-left\"><\/i>\t\t\t\t\t<\/div>\n\t\t\t\t\t<div class=\"elementor-swiper-button elementor-swiper-button-next\" role=\"button\" tabindex=\"0\">\n\t\t\t\t\t\t<i aria-hidden=\"true\" class=\"eicon-chevron-right\"><\/i>\t\t\t\t\t<\/div>\n\t\t\t\t\n\t\t\t\t\t\t\t\t\t<div class=\"swiper-pagination\"><\/div>\n\t\t\t\t\t\t\t\t\t<\/div>\n\t\t\t\t\t\t<\/div>\n\t\t\t\t<\/div>\n\t\t\t\t\t<\/div>\n\t\t<\/div>\n\t\t\t\t\t<\/div>\n\t\t<\/section>\n\t\t\t\t<section class=\"elementor-section elementor-top-section elementor-element elementor-element-3ce4e0ea elementor-section-boxed elementor-section-height-default elementor-section-height-default\" data-id=\"3ce4e0ea\" data-element_type=\"section\" data-e-type=\"section\">\n\t\t\t\t\t\t<div class=\"elementor-container elementor-column-gap-default\">\n\t\t\t\t\t<div class=\"elementor-column elementor-col-100 elementor-top-column elementor-element elementor-element-1fd9ebfa\" data-id=\"1fd9ebfa\" data-element_type=\"column\" data-e-type=\"column\">\n\t\t\t<div class=\"elementor-widget-wrap elementor-element-populated\">\n\t\t\t\t\t\t<div class=\"elementor-element elementor-element-69df048b elementor-widget__width-initial elementor-widget-mobile__width-inherit elementor-widget elementor-widget-text-editor\" data-id=\"69df048b\" data-element_type=\"widget\" data-e-type=\"widget\" data-widget_type=\"text-editor.default\">\n\t\t\t\t<div class=\"elementor-widget-container\">\n\t\t\t\t\t\t\t\t\t<p>\u00bfPor qu\u00e9 energ\u00edas marinas?<\/p>\t\t\t\t\t\t\t\t<\/div>\n\t\t\t\t<\/div>\n\t\t\t\t\t<\/div>\n\t\t<\/div>\n\t\t\t\t\t<\/div>\n\t\t<\/section>\n\t\t\t\t<section class=\"elementor-section elementor-top-section elementor-element elementor-element-40dd762 elementor-section-boxed elementor-section-height-default elementor-section-height-default\" data-id=\"40dd762\" data-element_type=\"section\" data-e-type=\"section\">\n\t\t\t\t\t\t<div class=\"elementor-container elementor-column-gap-default\">\n\t\t\t\t\t<div class=\"elementor-column elementor-col-33 elementor-top-column elementor-element elementor-element-f9a10d0\" data-id=\"f9a10d0\" data-element_type=\"column\" data-e-type=\"column\">\n\t\t\t<div class=\"elementor-widget-wrap elementor-element-populated\">\n\t\t\t\t\t\t<div class=\"elementor-element elementor-element-5e0e41af elementor-widget-mobile__width-inherit elementor-widget elementor-widget-text-editor\" data-id=\"5e0e41af\" data-element_type=\"widget\" data-e-type=\"widget\" data-widget_type=\"text-editor.default\">\n\t\t\t\t<div class=\"elementor-widget-container\">\n\t\t\t\t\t\t\t\t\t<p class=\"translation-block\">La mayor\u00eda de los <strong> consumidores <\/strong> se encuentran <strong> cerca <\/strong> de las costas y, por tanto, potencialmente campos de olas o vientos.<\/p><p>Tambi\u00e9n es necesario dotarles de energ\u00eda sin un transporte excesivo que reducir\u00eda la cantidad entregada o aumentar\u00eda el coste.<\/p>\t\t\t\t\t\t\t\t<\/div>\n\t\t\t\t<\/div>\n\t\t\t\t\t<\/div>\n\t\t<\/div>\n\t\t\t\t<div class=\"elementor-column elementor-col-33 elementor-top-column elementor-element elementor-element-afd50a2\" data-id=\"afd50a2\" data-element_type=\"column\" data-e-type=\"column\">\n\t\t\t<div class=\"elementor-widget-wrap elementor-element-populated\">\n\t\t\t\t\t\t<div class=\"elementor-element elementor-element-23845e0 elementor-widget-mobile__width-inherit elementor-widget elementor-widget-text-editor\" data-id=\"23845e0\" data-element_type=\"widget\" data-e-type=\"widget\" data-widget_type=\"text-editor.default\">\n\t\t\t\t<div class=\"elementor-widget-container\">\n\t\t\t\t\t\t\t\t\t<p class=\"translation-block\">La <strong> potencia <\/strong> y el <strong> tama\u00f1o <\/strong> de los campos se pueden <strong> adaptar a los mercados <\/strong> y las condiciones ambientales.<\/p><p>Se puede desarrollar una sinergia significativa entre la energ\u00eda de las olas de Seacap y las turbinas e\u00f3licas marinas, as\u00ed como otras tecnolog\u00edas marinas e industriales (agua dulce, acuicultura, hidr\u00f3geno, etc.).<\/p>\t\t\t\t\t\t\t\t<\/div>\n\t\t\t\t<\/div>\n\t\t\t\t\t<\/div>\n\t\t<\/div>\n\t\t\t\t<div class=\"elementor-column elementor-col-33 elementor-top-column elementor-element elementor-element-bf8db1d\" data-id=\"bf8db1d\" data-element_type=\"column\" data-e-type=\"column\">\n\t\t\t<div class=\"elementor-widget-wrap elementor-element-populated\">\n\t\t\t\t\t\t<div class=\"elementor-element elementor-element-e1fcbba elementor-widget-mobile__width-inherit elementor-widget elementor-widget-text-editor\" data-id=\"e1fcbba\" data-element_type=\"widget\" data-e-type=\"widget\" data-widget_type=\"text-editor.default\">\n\t\t\t\t<div class=\"elementor-widget-container\">\n\t\t\t\t\t\t\t\t\t<p class=\"translation-block\"><strong> El proyecto se puede regionalizar <\/strong> en t\u00e9rminos de estructuras, m\u00f3dulos y montaje esenciales, generando as\u00ed una parte significativa <strong> de suministros y servicios locales<\/strong>, incluida la <strong> instalaci\u00f3n y mantenimiento en alta mar.<\/p><p>Por lo tanto, la econom\u00eda local solo puede beneficiarse directamente de esta nueva industria.<\/p>\t\t\t\t\t\t\t\t<\/div>\n\t\t\t\t<\/div>\n\t\t\t\t\t<\/div>\n\t\t<\/div>\n\t\t\t\t\t<\/div>\n\t\t<\/section>\n\t\t\t\t<section class=\"elementor-section elementor-top-section elementor-element elementor-element-68fc0b8 elementor-section-full_width elementor-section-height-default elementor-section-height-default\" data-id=\"68fc0b8\" data-element_type=\"section\" data-e-type=\"section\">\n\t\t\t\t\t\t<div class=\"elementor-container elementor-column-gap-default\">\n\t\t\t\t\t<div class=\"elementor-column elementor-col-100 elementor-top-column elementor-element elementor-element-7ff38be elementor-invisible\" data-id=\"7ff38be\" data-element_type=\"column\" data-e-type=\"column\" data-settings=\"{&quot;motion_fx_motion_fx_mouse&quot;:&quot;yes&quot;,&quot;animation&quot;:&quot;fadeInDown&quot;,&quot;background_background&quot;:&quot;slideshow&quot;,&quot;background_slideshow_gallery&quot;:[],&quot;background_slideshow_loop&quot;:&quot;yes&quot;,&quot;background_slideshow_slide_duration&quot;:5000,&quot;background_slideshow_slide_transition&quot;:&quot;fade&quot;,&quot;background_slideshow_transition_duration&quot;:500}\">\n\t\t\t<div class=\"elementor-widget-wrap elementor-element-populated\">\n\t\t\t\t\t\t<div class=\"elementor-element elementor-element-8b66183 elementor-widget__width-initial elementor-widget-mobile__width-inherit elementor-invisible elementor-widget elementor-widget-text-editor\" data-id=\"8b66183\" data-element_type=\"widget\" data-e-type=\"widget\" data-settings=\"{&quot;_animation&quot;:&quot;fadeInDown&quot;,&quot;_animation_delay&quot;:100}\" data-widget_type=\"text-editor.default\">\n\t\t\t\t<div class=\"elementor-widget-container\">\n\t\t\t\t\t\t\t\t\t<p>\u00a1Fin de la dependencia de los combustibles f\u00f3siles importados!<\/p>\t\t\t\t\t\t\t\t<\/div>\n\t\t\t\t<\/div>\n\t\t\t\t\t<\/div>\n\t\t<\/div>\n\t\t\t\t\t<\/div>\n\t\t<\/section>\n\t\t\t\t<section class=\"elementor-section elementor-top-section elementor-element elementor-element-eaca37d elementor-section-boxed elementor-section-height-default elementor-section-height-default\" data-id=\"eaca37d\" data-element_type=\"section\" data-e-type=\"section\">\n\t\t\t\t\t\t<div class=\"elementor-container elementor-column-gap-default\">\n\t\t\t\t\t<div class=\"elementor-column elementor-col-100 elementor-top-column elementor-element elementor-element-4adfcc3\" data-id=\"4adfcc3\" data-element_type=\"column\" data-e-type=\"column\">\n\t\t\t<div class=\"elementor-widget-wrap elementor-element-populated\">\n\t\t\t\t\t\t<div class=\"elementor-element elementor-element-4efb17d elementor-widget elementor-widget-text-editor\" data-id=\"4efb17d\" data-element_type=\"widget\" data-e-type=\"widget\" data-widget_type=\"text-editor.default\">\n\t\t\t\t<div class=\"elementor-widget-container\">\n\t\t\t\t\t\t\t\t\t<p>La evoluci\u00f3n de la especie humana depende hist\u00f3ricamente de las energ\u00edas. El dominio de las fuerzas naturales y el descubrimiento de fuentes primarias, desde la madera primero y gradualmente hasta el aceite, han permitido a la humanidad multiplicar dr\u00e1sticamente la \u00fanica fuerza que ten\u00eda originalmente, a saber, su fuerza muscular o la de los animales dom\u00e9sticos.<\/p><p>Las energ\u00edas, a menudo asociadas con el agua, segundo seno de la humanidad, est\u00e1n l\u00f3gicamente en la fuente de todo desarrollo industrial.<\/p><p>Lamentablemente, este auge tecnol\u00f3gico encuentra sus l\u00edmites cuando el recurso primario es finito y no renovable, como los hidrocarburos y, al mismo tiempo, su uso desenfrenado y contaminante tiene consecuencias dram\u00e1ticas para el medio ambiente.<\/p><p class=\"translation-block\"><strong> De ah\u00ed el creciente inter\u00e9s de la industria por las energ\u00edas renovables, en particular las energ\u00edas marinas, <\/strong> que son inagotables, limpias y poco peligrosas en su explotaci\u00f3n.<\/p><p class=\"translation-block\">Otro corolario importante es la distribuci\u00f3n de energ\u00eda en sitios de producci\u00f3n descentralizados y por lo tanto <strong> con el m\u00ednimo transporte posible, que tambi\u00e9n permiten las energ\u00edas marinas <\/strong> debido a la distribuci\u00f3n hist\u00f3rica de las poblaciones en las costillas aleda\u00f1as, como se muestra arriba.<\/p>\t\t\t\t\t\t\t\t<\/div>\n\t\t\t\t<\/div>\n\t\t\t\t\t<\/div>\n\t\t<\/div>\n\t\t\t\t\t<\/div>\n\t\t<\/section>\n\t\t\t\t<section class=\"elementor-section elementor-top-section elementor-element elementor-element-5f4e90f elementor-section-boxed elementor-section-height-default elementor-section-height-default\" data-id=\"5f4e90f\" data-element_type=\"section\" data-e-type=\"section\" data-settings=\"{&quot;background_background&quot;:&quot;classic&quot;}\">\n\t\t\t\t\t\t<div class=\"elementor-container elementor-column-gap-default\">\n\t\t\t\t\t<div class=\"elementor-column elementor-col-50 elementor-top-column elementor-element elementor-element-b063a9c\" data-id=\"b063a9c\" data-element_type=\"column\" data-e-type=\"column\">\n\t\t\t<div class=\"elementor-widget-wrap elementor-element-populated\">\n\t\t\t\t\t\t<div class=\"elementor-element elementor-element-645eb64 elementor-widget-mobile__width-inherit elementor-widget elementor-widget-text-editor\" data-id=\"645eb64\" data-element_type=\"widget\" data-e-type=\"widget\" data-widget_type=\"text-editor.default\">\n\t\t\t\t<div class=\"elementor-widget-container\">\n\t\t\t\t\t\t\t\t\t<p>La energ\u00eda cin\u00e9tica de los oc\u00e9anos es inmensa y renovable con un potencial global explotable muy considerable.<\/p><p class=\"translation-block\">El <a title=\"\" href=\"https:\/\/fr.wikipedia.org\/wiki\/Conseil_mondial_de_lnergie\" target=\"_self\"> Consejo Mundial de Energ\u00eda <\/a> (*) evalu\u00f3 la cantidad al 10% de la demanda global anual te\u00f3rica. para electricidad que podr\u00eda ser cubierta por energ\u00eda de las olas<\/p><p class=\"translation-block\">(incluidos 40 <abbr class=\"abbr\" title=\"teravatios-hora por a\u00f1o\"> TWh \/ a\u00f1o <\/abbr> solo para Francia metropolitana).<\/p>\t\t\t\t\t\t\t\t<\/div>\n\t\t\t\t<\/div>\n\t\t\t\t<div class=\"elementor-element elementor-element-089571b elementor-align-center elementor-widget elementor-widget-button\" data-id=\"089571b\" data-element_type=\"widget\" data-e-type=\"widget\" data-widget_type=\"button.default\">\n\t\t\t\t<div class=\"elementor-widget-container\">\n\t\t\t\t\t\t\t\t\t<div class=\"elementor-button-wrapper\">\n\t\t\t\t\t<a class=\"elementor-button elementor-button-link elementor-size-sm\" href=\"https:\/\/www.worldenergy.org\/assets\/downloads\/1.-World-Energy-Issues-Monitor-2017-Full-Report.pdf\" target=\"_blank\">\n\t\t\t\t\t\t<span class=\"elementor-button-content-wrapper\">\n\t\t\t\t\t\t\t\t\t<span class=\"elementor-button-text\">M\u00e1s informaci\u00f3n<\/span>\n\t\t\t\t\t<\/span>\n\t\t\t\t\t<\/a>\n\t\t\t\t<\/div>\n\t\t\t\t\t\t\t\t<\/div>\n\t\t\t\t<\/div>\n\t\t\t\t\t<\/div>\n\t\t<\/div>\n\t\t\t\t<div class=\"elementor-column elementor-col-50 elementor-top-column elementor-element elementor-element-3ceb83a\" data-id=\"3ceb83a\" data-element_type=\"column\" data-e-type=\"column\">\n\t\t\t<div class=\"elementor-widget-wrap elementor-element-populated\">\n\t\t\t\t\t\t<div class=\"elementor-element elementor-element-37d2eb1 elementor-widget elementor-widget-image\" data-id=\"37d2eb1\" data-element_type=\"widget\" data-e-type=\"widget\" data-widget_type=\"image.default\">\n\t\t\t\t<div class=\"elementor-widget-container\">\n\t\t\t\t\t\t\t\t\t\t\t\t\t\t\t<img fetchpriority=\"high\" decoding=\"async\" width=\"1024\" height=\"683\" src=\"https:\/\/hydrocap.com\/wp-content\/uploads\/2019\/06\/waves-1867285_1920-1024x683.jpg\" class=\"attachment-large size-large wp-image-2237\" alt=\"\" srcset=\"https:\/\/hydrocap.com\/wp-content\/uploads\/2019\/06\/waves-1867285_1920-1024x683.jpg 1024w, https:\/\/hydrocap.com\/wp-content\/uploads\/2019\/06\/waves-1867285_1920-300x200.jpg 300w, https:\/\/hydrocap.com\/wp-content\/uploads\/2019\/06\/waves-1867285_1920-768x512.jpg 768w, https:\/\/hydrocap.com\/wp-content\/uploads\/2019\/06\/waves-1867285_1920-1536x1024.jpg 1536w, https:\/\/hydrocap.com\/wp-content\/uploads\/2019\/06\/waves-1867285_1920.jpg 1920w\" sizes=\"(max-width: 1024px) 100vw, 1024px\" \/>\t\t\t\t\t\t\t\t\t\t\t\t\t\t\t<\/div>\n\t\t\t\t<\/div>\n\t\t\t\t\t<\/div>\n\t\t<\/div>\n\t\t\t\t\t<\/div>\n\t\t<\/section>\n\t\t\t\t<\/div>","protected":false},"excerpt":{"rendered":"<p>Energies marines R\u00e9partition de la population mondiale En\u00a0 2020, plus de la moiti\u00e9 de la\u00a0population mondiale\u00a0vit \u00e0 moins de 150 km le long des 1,6 million de kilom\u00e8tres de c\u00f4tes qui bordent les\u00a0mers\u00a0et les\u00a0oc\u00e9ans et cela ne fait que cro\u00eetre. C&rsquo;est un facteur tr\u00e8s favorable \u00e0 l&rsquo;installation d&rsquo;une production d&rsquo;\u00e9nergie c\u00f4ti\u00e8re puisque production et consommation [&hellip;]<\/p>\n","protected":false},"author":2,"featured_media":0,"parent":0,"menu_order":0,"comment_status":"closed","ping_status":"closed","template":"elementor_header_footer","meta":{"_seopress_robots_primary_cat":"","_seopress_titles_title":"","_seopress_titles_desc":"","_seopress_robots_index":"","footnotes":""},"class_list":["post-3719","page","type-page","status-publish","hentry","wpbf-post"],"_links":{"self":[{"href":"https:\/\/hydrocap.com\/es\/wp-json\/wp\/v2\/pages\/3719","targetHints":{"allow":["GET"]}}],"collection":[{"href":"https:\/\/hydrocap.com\/es\/wp-json\/wp\/v2\/pages"}],"about":[{"href":"https:\/\/hydrocap.com\/es\/wp-json\/wp\/v2\/types\/page"}],"author":[{"embeddable":true,"href":"https:\/\/hydrocap.com\/es\/wp-json\/wp\/v2\/users\/2"}],"replies":[{"embeddable":true,"href":"https:\/\/hydrocap.com\/es\/wp-json\/wp\/v2\/comments?post=3719"}],"version-history":[{"count":0,"href":"https:\/\/hydrocap.com\/es\/wp-json\/wp\/v2\/pages\/3719\/revisions"}],"wp:attachment":[{"href":"https:\/\/hydrocap.com\/es\/wp-json\/wp\/v2\/media?parent=3719"}],"curies":[{"name":"wp","href":"https:\/\/api.w.org\/{rel}","templated":true}]}}