{"id":3715,"date":"2021-06-08T06:52:00","date_gmt":"2021-06-08T06:52:00","guid":{"rendered":"https:\/\/hydrocap.com\/?page_id=3715"},"modified":"2022-02-14T11:25:45","modified_gmt":"2022-02-14T11:25:45","slug":"qui-sommes-nous","status":"publish","type":"page","link":"https:\/\/hydrocap.com\/es\/qui-sommes-nous\/","title":{"rendered":"\u00bf Qienes somos?"},"content":{"rendered":"<div data-elementor-type=\"wp-page\" data-elementor-id=\"3715\" class=\"elementor elementor-3715\" data-elementor-post-type=\"page\">\n\t\t\t\t\t\t<section class=\"elementor-section elementor-top-section elementor-element elementor-element-30661a5c elementor-section-full_width elementor-section-stretched elementor-section-height-default elementor-section-height-default\" data-id=\"30661a5c\" data-element_type=\"section\" data-e-type=\"section\" data-settings=\"{&quot;background_background&quot;:&quot;classic&quot;,&quot;shape_divider_bottom&quot;:&quot;waves&quot;,&quot;stretch_section&quot;:&quot;section-stretched&quot;}\">\n\t\t\t\t\t<div class=\"elementor-shape elementor-shape-bottom\" aria-hidden=\"true\" data-negative=\"false\">\n\t\t\t<svg xmlns=\"http:\/\/www.w3.org\/2000\/svg\" viewbox=\"0 0 1000 100\" preserveaspectratio=\"none\">\n\t<path class=\"elementor-shape-fill\" d=\"M421.9,6.5c22.6-2.5,51.5,0.4,75.5,5.3c23.6,4.9,70.9,23.5,100.5,35.7c75.8,32.2,133.7,44.5,192.6,49.7\tc23.6,2.1,48.7,3.5,103.4-2.5c54.7-6,106.2-25.6,106.2-25.6V0H0v30.3c0,0,72,32.6,158.4,30.5c39.2-0.7,92.8-6.7,134-22.4\tc21.2-8.1,52.2-18.2,79.7-24.2C399.3,7.9,411.6,7.5,421.9,6.5z\"\/>\n<\/svg>\t\t<\/div>\n\t\t\t\t\t<div class=\"elementor-container elementor-column-gap-default\">\n\t\t\t\t\t<div class=\"elementor-column elementor-col-100 elementor-top-column elementor-element elementor-element-47fe7bdf\" data-id=\"47fe7bdf\" data-element_type=\"column\" data-e-type=\"column\" data-settings=\"{&quot;background_background&quot;:&quot;classic&quot;}\">\n\t\t\t<div class=\"elementor-widget-wrap elementor-element-populated\">\n\t\t\t\t\t\t<div class=\"elementor-element elementor-element-6ea1864 elementor-widget elementor-widget-heading\" data-id=\"6ea1864\" data-element_type=\"widget\" data-e-type=\"widget\" data-widget_type=\"heading.default\">\n\t\t\t\t<div class=\"elementor-widget-container\">\n\t\t\t\t\t<h1 class=\"elementor-heading-title elementor-size-default\">\u00bf Qienes somos?<\/h1>\t\t\t\t<\/div>\n\t\t\t\t<\/div>\n\t\t\t\t\t<\/div>\n\t\t<\/div>\n\t\t\t\t\t<\/div>\n\t\t<\/section>\n\t\t\t\t<section class=\"elementor-section elementor-top-section elementor-element elementor-element-4bb6fb9d elementor-section-boxed elementor-section-height-default elementor-section-height-default\" data-id=\"4bb6fb9d\" data-element_type=\"section\" data-e-type=\"section\" data-settings=\"{&quot;background_background&quot;:&quot;classic&quot;}\">\n\t\t\t\t\t\t<div class=\"elementor-container elementor-column-gap-default\">\n\t\t\t\t\t<div class=\"elementor-column elementor-col-50 elementor-top-column elementor-element elementor-element-1d243404 elementor-invisible\" data-id=\"1d243404\" data-element_type=\"column\" data-e-type=\"column\" data-settings=\"{&quot;animation&quot;:&quot;fadeIn&quot;,&quot;animation_mobile&quot;:&quot;none&quot;}\">\n\t\t\t<div class=\"elementor-widget-wrap elementor-element-populated\">\n\t\t\t\t\t\t<div class=\"elementor-element elementor-element-ab3449f elementor-widget elementor-widget-image\" data-id=\"ab3449f\" data-element_type=\"widget\" data-e-type=\"widget\" data-widget_type=\"image.default\">\n\t\t\t\t<div class=\"elementor-widget-container\">\n\t\t\t\t\t\t\t\t\t\t\t\t\t\t\t<img fetchpriority=\"high\" decoding=\"async\" width=\"1000\" height=\"632\" src=\"https:\/\/hydrocap.com\/wp-content\/uploads\/2021\/05\/vue1-b.png\" class=\"attachment-large size-large wp-image-3580\" alt=\"\" srcset=\"https:\/\/hydrocap.com\/wp-content\/uploads\/2021\/05\/vue1-b.png 1000w, https:\/\/hydrocap.com\/wp-content\/uploads\/2021\/05\/vue1-b-300x190.png 300w, https:\/\/hydrocap.com\/wp-content\/uploads\/2021\/05\/vue1-b-768x485.png 768w\" sizes=\"(max-width: 1000px) 100vw, 1000px\" \/>\t\t\t\t\t\t\t\t\t\t\t\t\t\t\t<\/div>\n\t\t\t\t<\/div>\n\t\t\t\t\t<\/div>\n\t\t<\/div>\n\t\t\t\t<div class=\"elementor-column elementor-col-50 elementor-top-column elementor-element elementor-element-19c33b92\" data-id=\"19c33b92\" data-element_type=\"column\" data-e-type=\"column\">\n\t\t\t<div class=\"elementor-widget-wrap elementor-element-populated\">\n\t\t\t\t\t\t<div class=\"elementor-element elementor-element-3b36f0c8 elementor-widget elementor-widget-text-editor\" data-id=\"3b36f0c8\" data-element_type=\"widget\" data-e-type=\"widget\" data-widget_type=\"text-editor.default\">\n\t\t\t\t<div class=\"elementor-widget-container\">\n\t\t\t\t\t\t\t\t\t<p class=\"translation-block\"><strong> HYDROCAP ENERGY <\/strong> es una SAS francesa fundada por ingenieros con una larga experiencia internacional en la actividad de servicios petroleros costa afuera de especial inter\u00e9s en el \u00e1mbito de las energ\u00edas renovables marinas.<\/p><p class=\"translation-block\"><b> Su finalidad es desarrollar <\/b> <b> energ\u00eda undimotriz <\/b> <b> campos SEACAP \u2122 para recuperar y convertir la energ\u00eda cin\u00e9tica del oleaje en electricidad. <br> <\/b><\/p><p>El concepto num\u00e9rico y la modelizaci\u00f3n se estudiaron exhaustivamente y luego se llevaron a cabo pruebas en un modelo a escala 1:20 en una cuenca en la DGA Techniques Hydrodynamiques en Val-de-Reuil, Francia. Actualmente se est\u00e1 preparando un demostrador oce\u00e1nico a gran escala.<\/p>\t\t\t\t\t\t\t\t<\/div>\n\t\t\t\t<\/div>\n\t\t\t\t\t<\/div>\n\t\t<\/div>\n\t\t\t\t\t<\/div>\n\t\t<\/section>\n\t\t\t\t<section class=\"elementor-section elementor-top-section elementor-element elementor-element-4f5ffde0 elementor-section-boxed elementor-section-height-default elementor-section-height-default\" data-id=\"4f5ffde0\" data-element_type=\"section\" data-e-type=\"section\" data-settings=\"{&quot;background_background&quot;:&quot;classic&quot;}\">\n\t\t\t\t\t\t<div class=\"elementor-container elementor-column-gap-default\">\n\t\t\t\t\t<div class=\"elementor-column elementor-col-50 elementor-top-column elementor-element elementor-element-69c5da0a\" data-id=\"69c5da0a\" data-element_type=\"column\" data-e-type=\"column\">\n\t\t\t<div class=\"elementor-widget-wrap elementor-element-populated\">\n\t\t\t\t\t\t<div class=\"elementor-element elementor-element-629d74 elementor-widget elementor-widget-text-editor\" data-id=\"629d74\" data-element_type=\"widget\" data-e-type=\"widget\" data-widget_type=\"text-editor.default\">\n\t\t\t\t<div class=\"elementor-widget-container\">\n\t\t\t\t\t\t\t\t\t<p class=\"translation-block\"><b> El rango batim\u00e9trico \u00f3ptimo de SEACAP se ubica entre 20m y 50m. <br> <\/b> Estas profundidades hacen posible tener espectros de olas eficientes en pr\u00e1cticamente todas las regiones del mundo, mientras se benefician de condiciones t\u00e9cnicas y ambientales econ\u00f3micas, a buena distancia de la costa, con un m\u00ednimo de equipamiento y una muy buena relaci\u00f3n rendimiento \/ costo.<\/p><p class=\"translation-block\"><b> Posteriormente se desarrollar\u00e1 una versi\u00f3n flotante fondeada (SEAFLOAT\u2122) <\/b> <b> para mayores profundidades o campos muy alejados de la costa. <\/b><\/p>\t\t\t\t\t\t\t\t<\/div>\n\t\t\t\t<\/div>\n\t\t\t\t\t<\/div>\n\t\t<\/div>\n\t\t\t\t<div class=\"elementor-column elementor-col-50 elementor-top-column elementor-element elementor-element-2b75085d elementor-invisible\" data-id=\"2b75085d\" data-element_type=\"column\" data-e-type=\"column\" data-settings=\"{&quot;animation&quot;:&quot;fadeIn&quot;,&quot;animation_mobile&quot;:&quot;none&quot;}\">\n\t\t\t<div class=\"elementor-widget-wrap elementor-element-populated\">\n\t\t\t\t\t\t<div class=\"elementor-element elementor-element-f46e3ea elementor-widget elementor-widget-image\" data-id=\"f46e3ea\" data-element_type=\"widget\" data-e-type=\"widget\" data-widget_type=\"image.default\">\n\t\t\t\t<div class=\"elementor-widget-container\">\n\t\t\t\t\t\t\t\t\t\t\t\t\t\t\t<img decoding=\"async\" width=\"800\" height=\"495\" src=\"https:\/\/hydrocap.com\/wp-content\/uploads\/2021\/07\/Visu-SEACAP_illustration-copie.png\" class=\"attachment-large size-large wp-image-4286\" alt=\"\" srcset=\"https:\/\/hydrocap.com\/wp-content\/uploads\/2021\/07\/Visu-SEACAP_illustration-copie.png 800w, https:\/\/hydrocap.com\/wp-content\/uploads\/2021\/07\/Visu-SEACAP_illustration-copie-300x186.png 300w, https:\/\/hydrocap.com\/wp-content\/uploads\/2021\/07\/Visu-SEACAP_illustration-copie-768x475.png 768w\" sizes=\"(max-width: 800px) 100vw, 800px\" \/>\t\t\t\t\t\t\t\t\t\t\t\t\t\t\t<\/div>\n\t\t\t\t<\/div>\n\t\t\t\t\t<\/div>\n\t\t<\/div>\n\t\t\t\t\t<\/div>\n\t\t<\/section>\n\t\t\t\t<section class=\"elementor-section elementor-top-section elementor-element elementor-element-6914462 elementor-section-boxed elementor-section-height-default elementor-section-height-default\" data-id=\"6914462\" data-element_type=\"section\" data-e-type=\"section\">\n\t\t\t\t\t\t<div class=\"elementor-container elementor-column-gap-default\">\n\t\t\t\t\t<div class=\"elementor-column elementor-col-100 elementor-top-column elementor-element elementor-element-126cb66\" data-id=\"126cb66\" data-element_type=\"column\" data-e-type=\"column\">\n\t\t\t<div class=\"elementor-widget-wrap elementor-element-populated\">\n\t\t\t\t\t\t<div class=\"elementor-element elementor-element-7923500 elementor-absolute elementor-align-center elementor-widget elementor-widget-lottie\" data-id=\"7923500\" data-element_type=\"widget\" data-e-type=\"widget\" data-settings=\"{&quot;source_json&quot;:{&quot;url&quot;:&quot;https:\\\/\\\/hydrocap.com\\\/wp-content\\\/uploads\\\/2021\\\/06\\\/lf30_editor_xdm2pi15.json&quot;,&quot;id&quot;:4051,&quot;size&quot;:&quot;&quot;},&quot;loop&quot;:&quot;yes&quot;,&quot;_position&quot;:&quot;absolute&quot;,&quot;source&quot;:&quot;media_file&quot;,&quot;caption_source&quot;:&quot;none&quot;,&quot;link_to&quot;:&quot;none&quot;,&quot;trigger&quot;:&quot;arriving_to_viewport&quot;,&quot;viewport&quot;:{&quot;unit&quot;:&quot;%&quot;,&quot;size&quot;:&quot;&quot;,&quot;sizes&quot;:{&quot;start&quot;:0,&quot;end&quot;:100}},&quot;play_speed&quot;:{&quot;unit&quot;:&quot;px&quot;,&quot;size&quot;:1,&quot;sizes&quot;:[]},&quot;start_point&quot;:{&quot;unit&quot;:&quot;%&quot;,&quot;size&quot;:0,&quot;sizes&quot;:[]},&quot;end_point&quot;:{&quot;unit&quot;:&quot;%&quot;,&quot;size&quot;:100,&quot;sizes&quot;:[]},&quot;renderer&quot;:&quot;svg&quot;}\" data-widget_type=\"lottie.default\">\n\t\t\t\t<div class=\"elementor-widget-container\">\n\t\t\t\t\t<div class=\"e-lottie__container\"><div class=\"e-lottie__animation\"><\/div><\/div>\t\t\t\t<\/div>\n\t\t\t\t<\/div>\n\t\t\t\t\t<\/div>\n\t\t<\/div>\n\t\t\t\t\t<\/div>\n\t\t<\/section>\n\t\t\t\t<section class=\"elementor-section elementor-top-section elementor-element elementor-element-e4d9f73 elementor-section-boxed elementor-section-height-default elementor-section-height-default\" data-id=\"e4d9f73\" data-element_type=\"section\" data-e-type=\"section\">\n\t\t\t\t\t\t<div class=\"elementor-container elementor-column-gap-default\">\n\t\t\t\t\t<div class=\"elementor-column elementor-col-100 elementor-top-column elementor-element elementor-element-1f8f43d\" data-id=\"1f8f43d\" data-element_type=\"column\" data-e-type=\"column\">\n\t\t\t<div class=\"elementor-widget-wrap elementor-element-populated\">\n\t\t\t\t\t\t<div class=\"elementor-element elementor-element-722d951 elementor-widget elementor-widget-video\" data-id=\"722d951\" data-element_type=\"widget\" data-e-type=\"widget\" data-settings=\"{&quot;video_type&quot;:&quot;hosted&quot;,&quot;controls&quot;:&quot;yes&quot;}\" data-widget_type=\"video.default\">\n\t\t\t\t<div class=\"elementor-widget-container\">\n\t\t\t\t\t\t\t<div class=\"e-hosted-video elementor-wrapper elementor-open-inline\">\n\t\t\t\t\t<video class=\"elementor-video\" src=\"https:\/\/hydrocap.com\/wp-content\/uploads\/2021\/07\/Seacap-simulation-virtual-reality.mov\" controls=\"\" preload=\"metadata\" controlslist=\"nodownload\" poster=\"https:\/\/hydrocap.com\/wp-content\/uploads\/2022\/02\/Capture-de\u0301cran-2022-02-14-a\u0300-12.25.25.png\"><\/video>\n\t\t\t\t<\/div>\n\t\t\t\t\t\t<\/div>\n\t\t\t\t<\/div>\n\t\t\t\t\t<\/div>\n\t\t<\/div>\n\t\t\t\t\t<\/div>\n\t\t<\/section>\n\t\t\t\t<\/div>","protected":false},"excerpt":{"rendered":"<p>Qui sommes nous ? HYDROCAP ENERGY\u00a0est une SAS fran\u00e7aise fond\u00e9e par des ing\u00e9nieurs ayant une longue exp\u00e9rience internationale de l\u2019activit\u00e9 parap\u00e9troli\u00e8re offshore qui s\u2019av\u00e8re particuli\u00e8rement int\u00e9ressante dans le domaine des \u00e9nergies renouvelables marines. Son objet est\u00a0 de d\u00e9velopper des champs de houlomoteurs pos\u00e9s SEACAP\u2122 pour r\u00e9cup\u00e9rer et convertir l\u2019\u00e9nergie cin\u00e9tique de la houle en \u00e9lectricit\u00e9. [&hellip;]<\/p>\n","protected":false},"author":2,"featured_media":0,"parent":0,"menu_order":0,"comment_status":"closed","ping_status":"closed","template":"elementor_header_footer","meta":{"_seopress_robots_primary_cat":"","_seopress_titles_title":"","_seopress_titles_desc":"","_seopress_robots_index":"","footnotes":""},"class_list":["post-3715","page","type-page","status-publish","hentry","wpbf-post"],"_links":{"self":[{"href":"https:\/\/hydrocap.com\/es\/wp-json\/wp\/v2\/pages\/3715","targetHints":{"allow":["GET"]}}],"collection":[{"href":"https:\/\/hydrocap.com\/es\/wp-json\/wp\/v2\/pages"}],"about":[{"href":"https:\/\/hydrocap.com\/es\/wp-json\/wp\/v2\/types\/page"}],"author":[{"embeddable":true,"href":"https:\/\/hydrocap.com\/es\/wp-json\/wp\/v2\/users\/2"}],"replies":[{"embeddable":true,"href":"https:\/\/hydrocap.com\/es\/wp-json\/wp\/v2\/comments?post=3715"}],"version-history":[{"count":0,"href":"https:\/\/hydrocap.com\/es\/wp-json\/wp\/v2\/pages\/3715\/revisions"}],"wp:attachment":[{"href":"https:\/\/hydrocap.com\/es\/wp-json\/wp\/v2\/media?parent=3715"}],"curies":[{"name":"wp","href":"https:\/\/api.w.org\/{rel}","templated":true}]}}